{"id":25137,"date":"2021-12-27T08:35:55","date_gmt":"2021-12-27T13:35:55","guid":{"rendered":"https:\/\/www.johntalk.com\/casa-nova\/"},"modified":"2021-12-27T08:36:05","modified_gmt":"2021-12-27T13:36:05","slug":"casa-nova","status":"publish","type":"page","link":"https:\/\/www.johntalk.com\/pt-br\/casa-nova\/","title":{"rendered":"Casa Nova"},"content":{"rendered":"","protected":false},"excerpt":{"rendered":"","protected":false},"author":2,"featured_media":0,"parent":0,"menu_order":0,"comment_status":"closed","ping_status":"closed","template":"","meta":{"_acf_changed":false,"_bbp_topic_count":0,"_bbp_reply_count":0,"_bbp_total_topic_count":0,"_bbp_total_reply_count":0,"_bbp_voice_count":0,"_bbp_anonymous_reply_count":0,"_bbp_topic_count_hidden":0,"_bbp_reply_count_hidden":0,"_bbp_forum_subforum_count":0,"footnotes":""},"class_list":["post-25137","page","type-page","status-publish","hentry"],"acf":[],"yoast_head":"<!-- This site is optimized with the Yoast SEO plugin v27.5 - https:\/\/yoast.com\/product\/yoast-seo-wordpress\/ -->\n<title>Informa\u00e7\u00f5es do operador de banheiro port\u00e1til | Comece um Neg\u00f3cio PRO | JohnTalk<\/title>\n<meta name=\"description\" content=\"JohnTalk \u00e9 a fonte de informa\u00e7\u00f5es para operadores de banheiros port\u00e1teis. Aprenda como iniciar seu neg\u00f3cio PRO ou mais sobre esta ind\u00fastria em crescimento. Temos tudo o que voc\u00ea precisa saber quando eles precisam ir.\" \/>\n<meta name=\"robots\" content=\"index, follow, max-snippet:-1, max-image-preview:large, max-video-preview:-1\" \/>\n<link rel=\"canonical\" href=\"https:\/\/www.johntalk.com\/pt-br\/casa-nova\/\" \/>\n<meta property=\"og:locale\" content=\"pt_BR\" \/>\n<meta property=\"og:type\" content=\"article\" \/>\n<meta property=\"og:title\" content=\"Informa\u00e7\u00f5es do operador de banheiro port\u00e1til | Comece um Neg\u00f3cio PRO | JohnTalk\" \/>\n<meta property=\"og:description\" content=\"JohnTalk \u00e9 a fonte de informa\u00e7\u00f5es para operadores de banheiros port\u00e1teis. Aprenda como iniciar seu neg\u00f3cio PRO ou mais sobre esta ind\u00fastria em crescimento. Temos tudo o que voc\u00ea precisa saber quando eles precisam ir.\" \/>\n<meta property=\"og:url\" content=\"https:\/\/www.johntalk.com\/pt-br\/casa-nova\/\" \/>\n<meta property=\"og:site_name\" content=\"JohnTalk\" \/>\n<meta property=\"article:modified_time\" content=\"2021-12-27T13:36:05+00:00\" \/>\n<meta name=\"twitter:card\" content=\"summary_large_image\" \/>\n<script type=\"application\/ld+json\" class=\"yoast-schema-graph\">{\"@context\":\"https:\\\/\\\/schema.org\",\"@graph\":[{\"@type\":\"WebPage\",\"@id\":\"https:\\\/\\\/www.johntalk.com\\\/pt-br\\\/casa-nova\\\/\",\"url\":\"https:\\\/\\\/www.johntalk.com\\\/pt-br\\\/casa-nova\\\/\",\"name\":\"Informa\u00e7\u00f5es do operador de banheiro port\u00e1til | Comece um Neg\u00f3cio PRO | JohnTalk\",\"isPartOf\":{\"@id\":\"https:\\\/\\\/www.johntalk.com\\\/pt-br\\\/#website\"},\"datePublished\":\"2021-12-27T13:35:55+00:00\",\"dateModified\":\"2021-12-27T13:36:05+00:00\",\"description\":\"JohnTalk \u00e9 a fonte de informa\u00e7\u00f5es para operadores de banheiros port\u00e1teis. Aprenda como iniciar seu neg\u00f3cio PRO ou mais sobre esta ind\u00fastria em crescimento. Temos tudo o que voc\u00ea precisa saber quando eles precisam ir.\",\"breadcrumb\":{\"@id\":\"https:\\\/\\\/www.johntalk.com\\\/pt-br\\\/casa-nova\\\/#breadcrumb\"},\"inLanguage\":\"pt-BR\",\"potentialAction\":[{\"@type\":\"ReadAction\",\"target\":[\"https:\\\/\\\/www.johntalk.com\\\/pt-br\\\/casa-nova\\\/\"]}]},{\"@type\":\"BreadcrumbList\",\"@id\":\"https:\\\/\\\/www.johntalk.com\\\/pt-br\\\/casa-nova\\\/#breadcrumb\",\"itemListElement\":[{\"@type\":\"ListItem\",\"position\":1,\"name\":\"Home\",\"item\":\"https:\\\/\\\/www.johntalk.com\\\/pt-br\\\/\"},{\"@type\":\"ListItem\",\"position\":2,\"name\":\"Casa Nova\"}]},{\"@type\":\"WebSite\",\"@id\":\"https:\\\/\\\/www.johntalk.com\\\/pt-br\\\/#website\",\"url\":\"https:\\\/\\\/www.johntalk.com\\\/pt-br\\\/\",\"name\":\"JohnTalk\",\"description\":\"Everything You Need to Know About the Portable Toilet Industry\",\"publisher\":{\"@id\":\"https:\\\/\\\/www.johntalk.com\\\/pt-br\\\/#organization\"},\"potentialAction\":[{\"@type\":\"SearchAction\",\"target\":{\"@type\":\"EntryPoint\",\"urlTemplate\":\"https:\\\/\\\/www.johntalk.com\\\/pt-br\\\/?s={search_term_string}\"},\"query-input\":{\"@type\":\"PropertyValueSpecification\",\"valueRequired\":true,\"valueName\":\"search_term_string\"}}],\"inLanguage\":\"pt-BR\"},{\"@type\":\"Organization\",\"@id\":\"https:\\\/\\\/www.johntalk.com\\\/pt-br\\\/#organization\",\"name\":\"JohnTalk\",\"url\":\"https:\\\/\\\/www.johntalk.com\\\/pt-br\\\/\",\"logo\":{\"@type\":\"ImageObject\",\"inLanguage\":\"pt-BR\",\"@id\":\"https:\\\/\\\/www.johntalk.com\\\/pt-br\\\/#\\\/schema\\\/logo\\\/image\\\/\",\"url\":\"https:\\\/\\\/www.johntalk.com\\\/wp-content\\\/uploads\\\/2016\\\/11\\\/logo-new.png\",\"contentUrl\":\"https:\\\/\\\/www.johntalk.com\\\/wp-content\\\/uploads\\\/2016\\\/11\\\/logo-new.png\",\"width\":300,\"height\":90,\"caption\":\"JohnTalk\"},\"image\":{\"@id\":\"https:\\\/\\\/www.johntalk.com\\\/pt-br\\\/#\\\/schema\\\/logo\\\/image\\\/\"}}]}<\/script>\n<!-- \/ Yoast SEO plugin. -->","yoast_head_json":{"title":"Informa\u00e7\u00f5es do operador de banheiro port\u00e1til | Comece um Neg\u00f3cio PRO | JohnTalk","description":"JohnTalk \u00e9 a fonte de informa\u00e7\u00f5es para operadores de banheiros port\u00e1teis. Aprenda como iniciar seu neg\u00f3cio PRO ou mais sobre esta ind\u00fastria em crescimento. Temos tudo o que voc\u00ea precisa saber quando eles precisam ir.","robots":{"index":"index","follow":"follow","max-snippet":"max-snippet:-1","max-image-preview":"max-image-preview:large","max-video-preview":"max-video-preview:-1"},"canonical":"https:\/\/www.johntalk.com\/pt-br\/casa-nova\/","og_locale":"pt_BR","og_type":"article","og_title":"Informa\u00e7\u00f5es do operador de banheiro port\u00e1til | Comece um Neg\u00f3cio PRO | JohnTalk","og_description":"JohnTalk \u00e9 a fonte de informa\u00e7\u00f5es para operadores de banheiros port\u00e1teis. Aprenda como iniciar seu neg\u00f3cio PRO ou mais sobre esta ind\u00fastria em crescimento. Temos tudo o que voc\u00ea precisa saber quando eles precisam ir.","og_url":"https:\/\/www.johntalk.com\/pt-br\/casa-nova\/","og_site_name":"JohnTalk","article_modified_time":"2021-12-27T13:36:05+00:00","twitter_card":"summary_large_image","schema":{"@context":"https:\/\/schema.org","@graph":[{"@type":"WebPage","@id":"https:\/\/www.johntalk.com\/pt-br\/casa-nova\/","url":"https:\/\/www.johntalk.com\/pt-br\/casa-nova\/","name":"Informa\u00e7\u00f5es do operador de banheiro port\u00e1til | Comece um Neg\u00f3cio PRO | JohnTalk","isPartOf":{"@id":"https:\/\/www.johntalk.com\/pt-br\/#website"},"datePublished":"2021-12-27T13:35:55+00:00","dateModified":"2021-12-27T13:36:05+00:00","description":"JohnTalk \u00e9 a fonte de informa\u00e7\u00f5es para operadores de banheiros port\u00e1teis. Aprenda como iniciar seu neg\u00f3cio PRO ou mais sobre esta ind\u00fastria em crescimento. Temos tudo o que voc\u00ea precisa saber quando eles precisam ir.","breadcrumb":{"@id":"https:\/\/www.johntalk.com\/pt-br\/casa-nova\/#breadcrumb"},"inLanguage":"pt-BR","potentialAction":[{"@type":"ReadAction","target":["https:\/\/www.johntalk.com\/pt-br\/casa-nova\/"]}]},{"@type":"BreadcrumbList","@id":"https:\/\/www.johntalk.com\/pt-br\/casa-nova\/#breadcrumb","itemListElement":[{"@type":"ListItem","position":1,"name":"Home","item":"https:\/\/www.johntalk.com\/pt-br\/"},{"@type":"ListItem","position":2,"name":"Casa Nova"}]},{"@type":"WebSite","@id":"https:\/\/www.johntalk.com\/pt-br\/#website","url":"https:\/\/www.johntalk.com\/pt-br\/","name":"JohnTalk","description":"Everything You Need to Know About the Portable Toilet Industry","publisher":{"@id":"https:\/\/www.johntalk.com\/pt-br\/#organization"},"potentialAction":[{"@type":"SearchAction","target":{"@type":"EntryPoint","urlTemplate":"https:\/\/www.johntalk.com\/pt-br\/?s={search_term_string}"},"query-input":{"@type":"PropertyValueSpecification","valueRequired":true,"valueName":"search_term_string"}}],"inLanguage":"pt-BR"},{"@type":"Organization","@id":"https:\/\/www.johntalk.com\/pt-br\/#organization","name":"JohnTalk","url":"https:\/\/www.johntalk.com\/pt-br\/","logo":{"@type":"ImageObject","inLanguage":"pt-BR","@id":"https:\/\/www.johntalk.com\/pt-br\/#\/schema\/logo\/image\/","url":"https:\/\/www.johntalk.com\/wp-content\/uploads\/2016\/11\/logo-new.png","contentUrl":"https:\/\/www.johntalk.com\/wp-content\/uploads\/2016\/11\/logo-new.png","width":300,"height":90,"caption":"JohnTalk"},"image":{"@id":"https:\/\/www.johntalk.com\/pt-br\/#\/schema\/logo\/image\/"}}]}},"_links":{"self":[{"href":"https:\/\/www.johntalk.com\/pt-br\/wp-json\/wp\/v2\/pages\/25137","targetHints":{"allow":["GET"]}}],"collection":[{"href":"https:\/\/www.johntalk.com\/pt-br\/wp-json\/wp\/v2\/pages"}],"about":[{"href":"https:\/\/www.johntalk.com\/pt-br\/wp-json\/wp\/v2\/types\/page"}],"author":[{"embeddable":true,"href":"https:\/\/www.johntalk.com\/pt-br\/wp-json\/wp\/v2\/users\/2"}],"replies":[{"embeddable":true,"href":"https:\/\/www.johntalk.com\/pt-br\/wp-json\/wp\/v2\/comments?post=25137"}],"version-history":[{"count":0,"href":"https:\/\/www.johntalk.com\/pt-br\/wp-json\/wp\/v2\/pages\/25137\/revisions"}],"wp:attachment":[{"href":"https:\/\/www.johntalk.com\/pt-br\/wp-json\/wp\/v2\/media?parent=25137"}],"curies":[{"name":"wp","href":"https:\/\/api.w.org\/{rel}","templated":true}]}}