{"id":25830,"date":"2021-12-27T09:11:46","date_gmt":"2021-12-27T14:11:46","guid":{"rendered":"https:\/\/www.johntalk.com\/strona-glowna-nowosc-2\/"},"modified":"2021-12-27T09:11:46","modified_gmt":"2021-12-27T14:11:46","slug":"strona-glowna-nowosc-2","status":"publish","type":"page","link":"https:\/\/www.johntalk.com\/pl\/strona-glowna-nowosc-2\/","title":{"rendered":"Strona g\u0142\u00f3wna Nowo\u015b\u0107"},"content":{"rendered":"","protected":false},"excerpt":{"rendered":"","protected":false},"author":2,"featured_media":0,"parent":0,"menu_order":0,"comment_status":"closed","ping_status":"closed","template":"","meta":{"_acf_changed":false,"_bbp_topic_count":0,"_bbp_reply_count":0,"_bbp_total_topic_count":0,"_bbp_total_reply_count":0,"_bbp_voice_count":0,"_bbp_anonymous_reply_count":0,"_bbp_topic_count_hidden":0,"_bbp_reply_count_hidden":0,"_bbp_forum_subforum_count":0,"footnotes":""},"class_list":["post-25830","page","type-page","status-publish","hentry"],"acf":[],"yoast_head":"<!-- This site is optimized with the Yoast SEO plugin v27.5 - https:\/\/yoast.com\/product\/yoast-seo-wordpress\/ -->\n<title>Informacje o operatorze przeno\u015bnej toalety | Rozpocznij biznes PRO | JohnTalk<\/title>\n<meta name=\"description\" content=\"JohnTalk jest \u017ar\u00f3d\u0142em informacji dla operator\u00f3w przeno\u015bnych toalet. Dowiedz si\u0119, jak rozpocz\u0105\u0107 dzia\u0142alno\u015b\u0107 PRO lub dowiedz si\u0119 wi\u0119cej o tej rozwijaj\u0105cej si\u0119 bran\u017cy. Mamy wszystko, co musisz wiedzie\u0107, kiedy musz\u0105 i\u015b\u0107.\" \/>\n<meta name=\"robots\" content=\"index, follow, max-snippet:-1, max-image-preview:large, max-video-preview:-1\" \/>\n<link rel=\"canonical\" href=\"https:\/\/www.johntalk.com\/pl\/strona-glowna-nowosc-2\/\" \/>\n<meta property=\"og:locale\" content=\"pl_PL\" \/>\n<meta property=\"og:type\" content=\"article\" \/>\n<meta property=\"og:title\" content=\"Informacje o operatorze przeno\u015bnej toalety | Rozpocznij biznes PRO | JohnTalk\" \/>\n<meta property=\"og:description\" content=\"JohnTalk jest \u017ar\u00f3d\u0142em informacji dla operator\u00f3w przeno\u015bnych toalet. Dowiedz si\u0119, jak rozpocz\u0105\u0107 dzia\u0142alno\u015b\u0107 PRO lub dowiedz si\u0119 wi\u0119cej o tej rozwijaj\u0105cej si\u0119 bran\u017cy. Mamy wszystko, co musisz wiedzie\u0107, kiedy musz\u0105 i\u015b\u0107.\" \/>\n<meta property=\"og:url\" content=\"https:\/\/www.johntalk.com\/pl\/strona-glowna-nowosc-2\/\" \/>\n<meta property=\"og:site_name\" content=\"JohnTalk\" \/>\n<meta name=\"twitter:card\" content=\"summary_large_image\" \/>\n<script type=\"application\/ld+json\" class=\"yoast-schema-graph\">{\"@context\":\"https:\\\/\\\/schema.org\",\"@graph\":[{\"@type\":\"WebPage\",\"@id\":\"https:\\\/\\\/www.johntalk.com\\\/pl\\\/strona-glowna-nowosc-2\\\/\",\"url\":\"https:\\\/\\\/www.johntalk.com\\\/pl\\\/strona-glowna-nowosc-2\\\/\",\"name\":\"Informacje o operatorze przeno\u015bnej toalety | Rozpocznij biznes PRO | JohnTalk\",\"isPartOf\":{\"@id\":\"https:\\\/\\\/www.johntalk.com\\\/pl\\\/#website\"},\"datePublished\":\"2021-12-27T14:11:46+00:00\",\"description\":\"JohnTalk jest \u017ar\u00f3d\u0142em informacji dla operator\u00f3w przeno\u015bnych toalet. Dowiedz si\u0119, jak rozpocz\u0105\u0107 dzia\u0142alno\u015b\u0107 PRO lub dowiedz si\u0119 wi\u0119cej o tej rozwijaj\u0105cej si\u0119 bran\u017cy. Mamy wszystko, co musisz wiedzie\u0107, kiedy musz\u0105 i\u015b\u0107.\",\"breadcrumb\":{\"@id\":\"https:\\\/\\\/www.johntalk.com\\\/pl\\\/strona-glowna-nowosc-2\\\/#breadcrumb\"},\"inLanguage\":\"pl-PL\",\"potentialAction\":[{\"@type\":\"ReadAction\",\"target\":[\"https:\\\/\\\/www.johntalk.com\\\/pl\\\/strona-glowna-nowosc-2\\\/\"]}]},{\"@type\":\"BreadcrumbList\",\"@id\":\"https:\\\/\\\/www.johntalk.com\\\/pl\\\/strona-glowna-nowosc-2\\\/#breadcrumb\",\"itemListElement\":[{\"@type\":\"ListItem\",\"position\":1,\"name\":\"Home\",\"item\":\"https:\\\/\\\/www.johntalk.com\\\/pl\\\/\"},{\"@type\":\"ListItem\",\"position\":2,\"name\":\"Strona g\u0142\u00f3wna Nowo\u015b\u0107\"}]},{\"@type\":\"WebSite\",\"@id\":\"https:\\\/\\\/www.johntalk.com\\\/pl\\\/#website\",\"url\":\"https:\\\/\\\/www.johntalk.com\\\/pl\\\/\",\"name\":\"JohnTalk\",\"description\":\"Everything You Need to Know About the Portable Toilet Industry\",\"publisher\":{\"@id\":\"https:\\\/\\\/www.johntalk.com\\\/pl\\\/#organization\"},\"potentialAction\":[{\"@type\":\"SearchAction\",\"target\":{\"@type\":\"EntryPoint\",\"urlTemplate\":\"https:\\\/\\\/www.johntalk.com\\\/pl\\\/?s={search_term_string}\"},\"query-input\":{\"@type\":\"PropertyValueSpecification\",\"valueRequired\":true,\"valueName\":\"search_term_string\"}}],\"inLanguage\":\"pl-PL\"},{\"@type\":\"Organization\",\"@id\":\"https:\\\/\\\/www.johntalk.com\\\/pl\\\/#organization\",\"name\":\"JohnTalk\",\"url\":\"https:\\\/\\\/www.johntalk.com\\\/pl\\\/\",\"logo\":{\"@type\":\"ImageObject\",\"inLanguage\":\"pl-PL\",\"@id\":\"https:\\\/\\\/www.johntalk.com\\\/pl\\\/#\\\/schema\\\/logo\\\/image\\\/\",\"url\":\"https:\\\/\\\/www.johntalk.com\\\/wp-content\\\/uploads\\\/2016\\\/11\\\/logo-new.png\",\"contentUrl\":\"https:\\\/\\\/www.johntalk.com\\\/wp-content\\\/uploads\\\/2016\\\/11\\\/logo-new.png\",\"width\":300,\"height\":90,\"caption\":\"JohnTalk\"},\"image\":{\"@id\":\"https:\\\/\\\/www.johntalk.com\\\/pl\\\/#\\\/schema\\\/logo\\\/image\\\/\"}}]}<\/script>\n<!-- \/ Yoast SEO plugin. -->","yoast_head_json":{"title":"Informacje o operatorze przeno\u015bnej toalety | Rozpocznij biznes PRO | JohnTalk","description":"JohnTalk jest \u017ar\u00f3d\u0142em informacji dla operator\u00f3w przeno\u015bnych toalet. Dowiedz si\u0119, jak rozpocz\u0105\u0107 dzia\u0142alno\u015b\u0107 PRO lub dowiedz si\u0119 wi\u0119cej o tej rozwijaj\u0105cej si\u0119 bran\u017cy. Mamy wszystko, co musisz wiedzie\u0107, kiedy musz\u0105 i\u015b\u0107.","robots":{"index":"index","follow":"follow","max-snippet":"max-snippet:-1","max-image-preview":"max-image-preview:large","max-video-preview":"max-video-preview:-1"},"canonical":"https:\/\/www.johntalk.com\/pl\/strona-glowna-nowosc-2\/","og_locale":"pl_PL","og_type":"article","og_title":"Informacje o operatorze przeno\u015bnej toalety | Rozpocznij biznes PRO | JohnTalk","og_description":"JohnTalk jest \u017ar\u00f3d\u0142em informacji dla operator\u00f3w przeno\u015bnych toalet. Dowiedz si\u0119, jak rozpocz\u0105\u0107 dzia\u0142alno\u015b\u0107 PRO lub dowiedz si\u0119 wi\u0119cej o tej rozwijaj\u0105cej si\u0119 bran\u017cy. Mamy wszystko, co musisz wiedzie\u0107, kiedy musz\u0105 i\u015b\u0107.","og_url":"https:\/\/www.johntalk.com\/pl\/strona-glowna-nowosc-2\/","og_site_name":"JohnTalk","twitter_card":"summary_large_image","schema":{"@context":"https:\/\/schema.org","@graph":[{"@type":"WebPage","@id":"https:\/\/www.johntalk.com\/pl\/strona-glowna-nowosc-2\/","url":"https:\/\/www.johntalk.com\/pl\/strona-glowna-nowosc-2\/","name":"Informacje o operatorze przeno\u015bnej toalety | Rozpocznij biznes PRO | JohnTalk","isPartOf":{"@id":"https:\/\/www.johntalk.com\/pl\/#website"},"datePublished":"2021-12-27T14:11:46+00:00","description":"JohnTalk jest \u017ar\u00f3d\u0142em informacji dla operator\u00f3w przeno\u015bnych toalet. Dowiedz si\u0119, jak rozpocz\u0105\u0107 dzia\u0142alno\u015b\u0107 PRO lub dowiedz si\u0119 wi\u0119cej o tej rozwijaj\u0105cej si\u0119 bran\u017cy. Mamy wszystko, co musisz wiedzie\u0107, kiedy musz\u0105 i\u015b\u0107.","breadcrumb":{"@id":"https:\/\/www.johntalk.com\/pl\/strona-glowna-nowosc-2\/#breadcrumb"},"inLanguage":"pl-PL","potentialAction":[{"@type":"ReadAction","target":["https:\/\/www.johntalk.com\/pl\/strona-glowna-nowosc-2\/"]}]},{"@type":"BreadcrumbList","@id":"https:\/\/www.johntalk.com\/pl\/strona-glowna-nowosc-2\/#breadcrumb","itemListElement":[{"@type":"ListItem","position":1,"name":"Home","item":"https:\/\/www.johntalk.com\/pl\/"},{"@type":"ListItem","position":2,"name":"Strona g\u0142\u00f3wna Nowo\u015b\u0107"}]},{"@type":"WebSite","@id":"https:\/\/www.johntalk.com\/pl\/#website","url":"https:\/\/www.johntalk.com\/pl\/","name":"JohnTalk","description":"Everything You Need to Know About the Portable Toilet Industry","publisher":{"@id":"https:\/\/www.johntalk.com\/pl\/#organization"},"potentialAction":[{"@type":"SearchAction","target":{"@type":"EntryPoint","urlTemplate":"https:\/\/www.johntalk.com\/pl\/?s={search_term_string}"},"query-input":{"@type":"PropertyValueSpecification","valueRequired":true,"valueName":"search_term_string"}}],"inLanguage":"pl-PL"},{"@type":"Organization","@id":"https:\/\/www.johntalk.com\/pl\/#organization","name":"JohnTalk","url":"https:\/\/www.johntalk.com\/pl\/","logo":{"@type":"ImageObject","inLanguage":"pl-PL","@id":"https:\/\/www.johntalk.com\/pl\/#\/schema\/logo\/image\/","url":"https:\/\/www.johntalk.com\/wp-content\/uploads\/2016\/11\/logo-new.png","contentUrl":"https:\/\/www.johntalk.com\/wp-content\/uploads\/2016\/11\/logo-new.png","width":300,"height":90,"caption":"JohnTalk"},"image":{"@id":"https:\/\/www.johntalk.com\/pl\/#\/schema\/logo\/image\/"}}]}},"_links":{"self":[{"href":"https:\/\/www.johntalk.com\/pl\/wp-json\/wp\/v2\/pages\/25830","targetHints":{"allow":["GET"]}}],"collection":[{"href":"https:\/\/www.johntalk.com\/pl\/wp-json\/wp\/v2\/pages"}],"about":[{"href":"https:\/\/www.johntalk.com\/pl\/wp-json\/wp\/v2\/types\/page"}],"author":[{"embeddable":true,"href":"https:\/\/www.johntalk.com\/pl\/wp-json\/wp\/v2\/users\/2"}],"replies":[{"embeddable":true,"href":"https:\/\/www.johntalk.com\/pl\/wp-json\/wp\/v2\/comments?post=25830"}],"version-history":[{"count":0,"href":"https:\/\/www.johntalk.com\/pl\/wp-json\/wp\/v2\/pages\/25830\/revisions"}],"wp:attachment":[{"href":"https:\/\/www.johntalk.com\/pl\/wp-json\/wp\/v2\/media?parent=25830"}],"curies":[{"name":"wp","href":"https:\/\/api.w.org\/{rel}","templated":true}]}}