{"id":25391,"date":"2021-12-27T08:44:02","date_gmt":"2021-12-27T13:44:02","guid":{"rendered":"https:\/\/www.johntalk.com\/accueil-nouveau\/"},"modified":"2021-12-27T08:44:02","modified_gmt":"2021-12-27T13:44:02","slug":"accueil-nouveau","status":"publish","type":"page","link":"https:\/\/www.johntalk.com\/fr\/","title":{"rendered":"Accueil Nouveau"},"content":{"rendered":"","protected":false},"excerpt":{"rendered":"","protected":false},"author":2,"featured_media":0,"parent":0,"menu_order":0,"comment_status":"closed","ping_status":"closed","template":"","meta":{"_acf_changed":false,"_bbp_topic_count":0,"_bbp_reply_count":0,"_bbp_total_topic_count":0,"_bbp_total_reply_count":0,"_bbp_voice_count":0,"_bbp_anonymous_reply_count":0,"_bbp_topic_count_hidden":0,"_bbp_reply_count_hidden":0,"_bbp_forum_subforum_count":0,"footnotes":""},"class_list":["post-25391","page","type-page","status-publish","hentry"],"acf":[],"yoast_head":"<!-- This site is optimized with the Yoast SEO plugin v27.2 - https:\/\/yoast.com\/product\/yoast-seo-wordpress\/ -->\n<title>Informations sur l&#039;op\u00e9rateur des toilettes portables | D\u00e9marrer une entreprise PRO | JohnParle<\/title>\n<meta name=\"description\" content=\"JohnTalk est la source d&#039;informations pour les op\u00e9rateurs de toilettes portables. Apprenez comment d\u00e9marrer votre entreprise PRO ou en savoir plus sur cette industrie en pleine croissance. Nous avons tout ce que vous devez savoir quand ils doivent partir.\" \/>\n<meta name=\"robots\" content=\"index, follow, max-snippet:-1, max-image-preview:large, max-video-preview:-1\" \/>\n<link rel=\"canonical\" href=\"https:\/\/www.johntalk.com\/fr\/\" \/>\n<meta property=\"og:locale\" content=\"fr_FR\" \/>\n<meta property=\"og:type\" content=\"article\" \/>\n<meta property=\"og:title\" content=\"Informations sur l&#039;op\u00e9rateur des toilettes portables | D\u00e9marrer une entreprise PRO | JohnParle\" \/>\n<meta property=\"og:description\" content=\"JohnTalk est la source d&#039;informations pour les op\u00e9rateurs de toilettes portables. Apprenez comment d\u00e9marrer votre entreprise PRO ou en savoir plus sur cette industrie en pleine croissance. Nous avons tout ce que vous devez savoir quand ils doivent partir.\" \/>\n<meta property=\"og:url\" content=\"https:\/\/www.johntalk.com\/fr\/\" \/>\n<meta property=\"og:site_name\" content=\"JohnTalk\" \/>\n<meta name=\"twitter:card\" content=\"summary_large_image\" \/>\n<script type=\"application\/ld+json\" class=\"yoast-schema-graph\">{\"@context\":\"https:\/\/schema.org\",\"@graph\":[{\"@type\":\"WebPage\",\"@id\":\"https:\/\/www.johntalk.com\/fr\/\",\"url\":\"https:\/\/www.johntalk.com\/fr\/\",\"name\":\"Informations sur l'op\u00e9rateur des toilettes portables | D\u00e9marrer une entreprise PRO | JohnParle\",\"isPartOf\":{\"@id\":\"https:\/\/www.johntalk.com\/it\/#website\"},\"datePublished\":\"2021-12-27T13:44:02+00:00\",\"description\":\"JohnTalk est la source d'informations pour les op\u00e9rateurs de toilettes portables. Apprenez comment d\u00e9marrer votre entreprise PRO ou en savoir plus sur cette industrie en pleine croissance. Nous avons tout ce que vous devez savoir quand ils doivent partir.\",\"breadcrumb\":{\"@id\":\"https:\/\/www.johntalk.com\/fr\/#breadcrumb\"},\"inLanguage\":\"fr-FR\",\"potentialAction\":[{\"@type\":\"ReadAction\",\"target\":[\"https:\/\/www.johntalk.com\/fr\/\"]}]},{\"@type\":\"BreadcrumbList\",\"@id\":\"https:\/\/www.johntalk.com\/fr\/#breadcrumb\",\"itemListElement\":[{\"@type\":\"ListItem\",\"position\":1,\"name\":\"Home\",\"item\":\"https:\/\/www.johntalk.com\/fr\/\"},{\"@type\":\"ListItem\",\"position\":2,\"name\":\"Accueil Nouveau\"}]},{\"@type\":\"WebSite\",\"@id\":\"https:\/\/www.johntalk.com\/it\/#website\",\"url\":\"https:\/\/www.johntalk.com\/it\/\",\"name\":\"JohnTalk\",\"description\":\"Everything You Need to Know About the Portable Toilet Industry\",\"potentialAction\":[{\"@type\":\"SearchAction\",\"target\":{\"@type\":\"EntryPoint\",\"urlTemplate\":\"https:\/\/www.johntalk.com\/it\/?s={search_term_string}\"},\"query-input\":{\"@type\":\"PropertyValueSpecification\",\"valueRequired\":true,\"valueName\":\"search_term_string\"}}],\"inLanguage\":\"fr-FR\"}]}<\/script>\n<!-- \/ Yoast SEO plugin. -->","yoast_head_json":{"title":"Informations sur l'op\u00e9rateur des toilettes portables | D\u00e9marrer une entreprise PRO | JohnParle","description":"JohnTalk est la source d'informations pour les op\u00e9rateurs de toilettes portables. Apprenez comment d\u00e9marrer votre entreprise PRO ou en savoir plus sur cette industrie en pleine croissance. Nous avons tout ce que vous devez savoir quand ils doivent partir.","robots":{"index":"index","follow":"follow","max-snippet":"max-snippet:-1","max-image-preview":"max-image-preview:large","max-video-preview":"max-video-preview:-1"},"canonical":"https:\/\/www.johntalk.com\/fr\/","og_locale":"fr_FR","og_type":"article","og_title":"Informations sur l'op\u00e9rateur des toilettes portables | D\u00e9marrer une entreprise PRO | JohnParle","og_description":"JohnTalk est la source d'informations pour les op\u00e9rateurs de toilettes portables. Apprenez comment d\u00e9marrer votre entreprise PRO ou en savoir plus sur cette industrie en pleine croissance. Nous avons tout ce que vous devez savoir quand ils doivent partir.","og_url":"https:\/\/www.johntalk.com\/fr\/","og_site_name":"JohnTalk","twitter_card":"summary_large_image","schema":{"@context":"https:\/\/schema.org","@graph":[{"@type":"WebPage","@id":"https:\/\/www.johntalk.com\/fr\/","url":"https:\/\/www.johntalk.com\/fr\/","name":"Informations sur l'op\u00e9rateur des toilettes portables | D\u00e9marrer une entreprise PRO | JohnParle","isPartOf":{"@id":"https:\/\/www.johntalk.com\/it\/#website"},"datePublished":"2021-12-27T13:44:02+00:00","description":"JohnTalk est la source d'informations pour les op\u00e9rateurs de toilettes portables. Apprenez comment d\u00e9marrer votre entreprise PRO ou en savoir plus sur cette industrie en pleine croissance. Nous avons tout ce que vous devez savoir quand ils doivent partir.","breadcrumb":{"@id":"https:\/\/www.johntalk.com\/fr\/#breadcrumb"},"inLanguage":"fr-FR","potentialAction":[{"@type":"ReadAction","target":["https:\/\/www.johntalk.com\/fr\/"]}]},{"@type":"BreadcrumbList","@id":"https:\/\/www.johntalk.com\/fr\/#breadcrumb","itemListElement":[{"@type":"ListItem","position":1,"name":"Home","item":"https:\/\/www.johntalk.com\/fr\/"},{"@type":"ListItem","position":2,"name":"Accueil Nouveau"}]},{"@type":"WebSite","@id":"https:\/\/www.johntalk.com\/it\/#website","url":"https:\/\/www.johntalk.com\/it\/","name":"JohnTalk","description":"Everything You Need to Know About the Portable Toilet Industry","potentialAction":[{"@type":"SearchAction","target":{"@type":"EntryPoint","urlTemplate":"https:\/\/www.johntalk.com\/it\/?s={search_term_string}"},"query-input":{"@type":"PropertyValueSpecification","valueRequired":true,"valueName":"search_term_string"}}],"inLanguage":"fr-FR"}]}},"_links":{"self":[{"href":"https:\/\/www.johntalk.com\/fr\/wp-json\/wp\/v2\/pages\/25391","targetHints":{"allow":["GET"]}}],"collection":[{"href":"https:\/\/www.johntalk.com\/fr\/wp-json\/wp\/v2\/pages"}],"about":[{"href":"https:\/\/www.johntalk.com\/fr\/wp-json\/wp\/v2\/types\/page"}],"author":[{"embeddable":true,"href":"https:\/\/www.johntalk.com\/fr\/wp-json\/wp\/v2\/users\/2"}],"replies":[{"embeddable":true,"href":"https:\/\/www.johntalk.com\/fr\/wp-json\/wp\/v2\/comments?post=25391"}],"version-history":[{"count":0,"href":"https:\/\/www.johntalk.com\/fr\/wp-json\/wp\/v2\/pages\/25391\/revisions"}],"wp:attachment":[{"href":"https:\/\/www.johntalk.com\/fr\/wp-json\/wp\/v2\/media?parent=25391"}],"curies":[{"name":"wp","href":"https:\/\/api.w.org\/{rel}","templated":true}]}}