{"id":25878,"date":"2021-12-27T09:13:08","date_gmt":"2021-12-27T14:13:08","guid":{"rendered":"https:\/\/www.johntalk.com\/clasificados-johntalk\/"},"modified":"2021-12-27T09:13:08","modified_gmt":"2021-12-27T14:13:08","slug":"clasificados-johntalk","status":"publish","type":"page","link":"https:\/\/www.johntalk.com\/es\/clasificados-johntalk\/","title":{"rendered":"Clasificados JohnTalk"},"content":{"rendered":"<p>\u00a1Bienvenido a los clasificados de JohnTalk! Este es el lugar para los operadores actuales de ba\u00f1os port\u00e1tiles y aquellos que est\u00e1n pensando en ingresar al negocio para comprar, vender e intercambiar equipos de la industria. Los no miembros pueden ver publicaciones, pero debes ser miembro para crear publicaciones. <a href=\"https:\/\/www.johntalk.com\/registration-a\/\">\u00a1\u00danete GRATIS ahora!<\/a><\/p>\n<div id=\"classiwrapper\"><div class=\"uiwelcome\"><\/div>\n<div class=\"awpcp-classifieds-search-bar\" data-breakpoints='{\"tiny\": [0,450]}' data-breakpoints-class-prefix=\"awpcp-classifieds-search-bar\">\n    <form action=\"https:\/\/www.johntalk.com\/es\/the-classifieds\/search-ads\/\" method=\"get\">\n                <input type=\"hidden\" name=\"awpcp-step\" value=\"dosearch\" \/>\n        <div class=\"awpcp-classifieds-search-bar--query-field\">\n            <label class=\"screen-reader-text\" for=\"awpcp-search-query-field\">Buscar:<\/label>\n            <input id=\"awpcp-search-query-field\" type=\"text\" name=\"keywordphrase\" \/>\n        <\/div>\n        <div class=\"awpcp-classifieds-search-bar--submit-button\">\n            <input class=\"button\" type=\"submit\" value=\"Buscar Anuncios\" \/>\n        <\/div>\n        <div class=\"awpcp-classifieds-search-bar--advanced-search-link\"><a href=\"https:\/\/www.johntalk.com\/es\/the-classifieds\/search-ads\/\">B\u00fasqueda avanzada <\/a><\/div>\n    <\/form>\n<\/div>\n<ul class=\"awpcp-classifieds-menu awpcp-clearfix\" data-breakpoints='{\"tiny\": [0,400], \"small\": [400,500]}' data-breakpoints-class-prefix=\"awpcp-classifieds-menu\">\n    <li class=\"awpcp-classifieds-menu--menu-item awpcp-classifieds-menu--post-listing-menu-item\">\n        <a class=\"awpcp-classifieds-menu--menu-item-link button\" href=\"https:\/\/www.johntalk.com\/es\/the-classifieds\/place-ad\">Place Ad<\/a>\n    <\/li>\n    <li class=\"awpcp-classifieds-menu--menu-item awpcp-classifieds-menu--browse-listings-menu-item\">\n        <a class=\"awpcp-classifieds-menu--menu-item-link button\" href=\"https:\/\/www.johntalk.com\/es\/the-classifieds\/browse-ads\">Browse Ads<\/a>\n    <\/li>\n    <li class=\"awpcp-classifieds-menu--menu-item awpcp-classifieds-menu--search-listings-menu-item\">\n        <a class=\"awpcp-classifieds-menu--menu-item-link button\" href=\"https:\/\/www.johntalk.com\/es\/the-classifieds\/search-ads\">Search Ads<\/a>\n    <\/li>\n<\/ul>\n<div class=\"classifiedcats\"><div id=\"awpcpcatlayout\" class=\"awpcp-categories-list\"><ul class=\"top-level-categories showcategoriesmainlist clearfix\"><li class=\"columns-2\"><p class=\"top-level-category maincategoryclass\"><a class=\"toplevelitem\" href=\"https:\/\/www.johntalk.com\/?page_id=4210&amp;awpcp_category_id=1861%2Ftoilets\">Toilets<\/a> (0)<\/p><\/li><li class=\"columns-2\"><p class=\"top-level-category maincategoryclass\"><a class=\"toplevelitem\" href=\"https:\/\/www.johntalk.com\/?page_id=4210&amp;awpcp_category_id=1862%2Ftrucks\">Trucks<\/a> (0)<\/p><\/li><\/ul><ul class=\"top-level-categories showcategoriesmainlist clearfix\"><li class=\"columns-2\"><p class=\"top-level-category maincategoryclass\"><a class=\"toplevelitem\" href=\"https:\/\/www.johntalk.com\/?page_id=4210&amp;awpcp_category_id=1863%2Fbusinesses-for-sale\">Businesses for Sale<\/a> (0)<\/p><\/li><li class=\"columns-2\"><p class=\"top-level-category maincategoryclass\"><a class=\"toplevelitem\" href=\"https:\/\/www.johntalk.com\/?page_id=4210&amp;awpcp_category_id=1864%2Fother\">Other<\/a> (0)<\/p><\/li><\/ul><\/div><div class=\"fixfloat\"><\/div><\/div><\/div>\n","protected":false},"excerpt":{"rendered":"<p>\u00a1Bienvenido a los clasificados de JohnTalk! Este es el lugar para los operadores actuales de ba\u00f1os port\u00e1tiles y aquellos que est\u00e1n pensando en ingresar al negocio<span class=\"excerpt-hellip\"> [\u2026]<\/span><\/p>\n","protected":false},"author":277,"featured_media":0,"parent":0,"menu_order":0,"comment_status":"closed","ping_status":"closed","template":"","meta":{"_acf_changed":false,"_bbp_topic_count":0,"_bbp_reply_count":0,"_bbp_total_topic_count":0,"_bbp_total_reply_count":0,"_bbp_voice_count":0,"_bbp_anonymous_reply_count":0,"_bbp_topic_count_hidden":0,"_bbp_reply_count_hidden":0,"_bbp_forum_subforum_count":0,"footnotes":""},"class_list":["post-25878","page","type-page","status-publish","hentry"],"acf":[],"yoast_head":"<!-- This site is optimized with the Yoast SEO plugin v27.2 - https:\/\/yoast.com\/product\/yoast-seo-wordpress\/ -->\n<title>Clasificados JohnTalk - JohnTalk<\/title>\n<meta name=\"robots\" content=\"index, follow, max-snippet:-1, max-image-preview:large, max-video-preview:-1\" \/>\n<link rel=\"canonical\" href=\"https:\/\/www.johntalk.com\/es\/clasificados-johntalk\/\" \/>\n<meta property=\"og:locale\" content=\"es_ES\" \/>\n<meta property=\"og:type\" content=\"article\" \/>\n<meta property=\"og:title\" content=\"Clasificados JohnTalk - JohnTalk\" \/>\n<meta property=\"og:description\" content=\"\u00a1Bienvenido a los clasificados de JohnTalk! Este es el lugar para los operadores actuales de ba\u00f1os port\u00e1tiles y aquellos que est\u00e1n pensando en ingresar al negocio [\u2026]\" \/>\n<meta property=\"og:url\" content=\"https:\/\/www.johntalk.com\/es\/clasificados-johntalk\/\" \/>\n<meta property=\"og:site_name\" content=\"JohnTalk\" \/>\n<meta name=\"twitter:card\" content=\"summary_large_image\" \/>\n<script type=\"application\/ld+json\" class=\"yoast-schema-graph\">{\"@context\":\"https:\/\/schema.org\",\"@graph\":[{\"@type\":\"WebPage\",\"@id\":\"https:\/\/www.johntalk.com\/es\/clasificados-johntalk\/\",\"url\":\"https:\/\/www.johntalk.com\/es\/clasificados-johntalk\/\",\"name\":\"Clasificados JohnTalk - JohnTalk\",\"isPartOf\":{\"@id\":\"https:\/\/www.johntalk.com\/it\/#website\"},\"datePublished\":\"2021-12-27T14:13:08+00:00\",\"breadcrumb\":{\"@id\":\"https:\/\/www.johntalk.com\/es\/clasificados-johntalk\/#breadcrumb\"},\"inLanguage\":\"es\",\"potentialAction\":[{\"@type\":\"ReadAction\",\"target\":[\"https:\/\/www.johntalk.com\/es\/clasificados-johntalk\/\"]}]},{\"@type\":\"BreadcrumbList\",\"@id\":\"https:\/\/www.johntalk.com\/es\/clasificados-johntalk\/#breadcrumb\",\"itemListElement\":[{\"@type\":\"ListItem\",\"position\":1,\"name\":\"Home\",\"item\":\"https:\/\/www.johntalk.com\/es\/\"},{\"@type\":\"ListItem\",\"position\":2,\"name\":\"Clasificados JohnTalk\"}]},{\"@type\":\"WebSite\",\"@id\":\"https:\/\/www.johntalk.com\/it\/#website\",\"url\":\"https:\/\/www.johntalk.com\/it\/\",\"name\":\"JohnTalk\",\"description\":\"Everything You Need to Know About the Portable Toilet Industry\",\"potentialAction\":[{\"@type\":\"SearchAction\",\"target\":{\"@type\":\"EntryPoint\",\"urlTemplate\":\"https:\/\/www.johntalk.com\/it\/?s={search_term_string}\"},\"query-input\":{\"@type\":\"PropertyValueSpecification\",\"valueRequired\":true,\"valueName\":\"search_term_string\"}}],\"inLanguage\":\"es\"}]}<\/script>\n<!-- \/ Yoast SEO plugin. -->","yoast_head_json":{"title":"Clasificados JohnTalk - JohnTalk","robots":{"index":"index","follow":"follow","max-snippet":"max-snippet:-1","max-image-preview":"max-image-preview:large","max-video-preview":"max-video-preview:-1"},"canonical":"https:\/\/www.johntalk.com\/es\/clasificados-johntalk\/","og_locale":"es_ES","og_type":"article","og_title":"Clasificados JohnTalk - JohnTalk","og_description":"\u00a1Bienvenido a los clasificados de JohnTalk! Este es el lugar para los operadores actuales de ba\u00f1os port\u00e1tiles y aquellos que est\u00e1n pensando en ingresar al negocio [\u2026]","og_url":"https:\/\/www.johntalk.com\/es\/clasificados-johntalk\/","og_site_name":"JohnTalk","twitter_card":"summary_large_image","schema":{"@context":"https:\/\/schema.org","@graph":[{"@type":"WebPage","@id":"https:\/\/www.johntalk.com\/es\/clasificados-johntalk\/","url":"https:\/\/www.johntalk.com\/es\/clasificados-johntalk\/","name":"Clasificados JohnTalk - JohnTalk","isPartOf":{"@id":"https:\/\/www.johntalk.com\/it\/#website"},"datePublished":"2021-12-27T14:13:08+00:00","breadcrumb":{"@id":"https:\/\/www.johntalk.com\/es\/clasificados-johntalk\/#breadcrumb"},"inLanguage":"es","potentialAction":[{"@type":"ReadAction","target":["https:\/\/www.johntalk.com\/es\/clasificados-johntalk\/"]}]},{"@type":"BreadcrumbList","@id":"https:\/\/www.johntalk.com\/es\/clasificados-johntalk\/#breadcrumb","itemListElement":[{"@type":"ListItem","position":1,"name":"Home","item":"https:\/\/www.johntalk.com\/es\/"},{"@type":"ListItem","position":2,"name":"Clasificados JohnTalk"}]},{"@type":"WebSite","@id":"https:\/\/www.johntalk.com\/it\/#website","url":"https:\/\/www.johntalk.com\/it\/","name":"JohnTalk","description":"Everything You Need to Know About the Portable Toilet Industry","potentialAction":[{"@type":"SearchAction","target":{"@type":"EntryPoint","urlTemplate":"https:\/\/www.johntalk.com\/it\/?s={search_term_string}"},"query-input":{"@type":"PropertyValueSpecification","valueRequired":true,"valueName":"search_term_string"}}],"inLanguage":"es"}]}},"_links":{"self":[{"href":"https:\/\/www.johntalk.com\/es\/wp-json\/wp\/v2\/pages\/25878","targetHints":{"allow":["GET"]}}],"collection":[{"href":"https:\/\/www.johntalk.com\/es\/wp-json\/wp\/v2\/pages"}],"about":[{"href":"https:\/\/www.johntalk.com\/es\/wp-json\/wp\/v2\/types\/page"}],"author":[{"embeddable":true,"href":"https:\/\/www.johntalk.com\/es\/wp-json\/wp\/v2\/users\/277"}],"replies":[{"embeddable":true,"href":"https:\/\/www.johntalk.com\/es\/wp-json\/wp\/v2\/comments?post=25878"}],"version-history":[{"count":0,"href":"https:\/\/www.johntalk.com\/es\/wp-json\/wp\/v2\/pages\/25878\/revisions"}],"wp:attachment":[{"href":"https:\/\/www.johntalk.com\/es\/wp-json\/wp\/v2\/media?parent=25878"}],"curies":[{"name":"wp","href":"https:\/\/api.w.org\/{rel}","templated":true}]}}