{"id":25783,"date":"2021-12-27T09:10:57","date_gmt":"2021-12-27T14:10:57","guid":{"rendered":"https:\/\/www.johntalk.com\/johntalk-kleinanzeigen\/"},"modified":"2021-12-27T09:10:57","modified_gmt":"2021-12-27T14:10:57","slug":"johntalk-kleinanzeigen","status":"publish","type":"page","link":"https:\/\/www.johntalk.com\/de\/johntalk-kleinanzeigen\/","title":{"rendered":"JohnTalk-Kleinanzeigen"},"content":{"rendered":"<p>Willkommen bei den JohnTalk-Kleinanzeigen! Dies ist der richtige Ort sowohl f\u00fcr Betreiber von tragbaren Toiletten als auch f\u00fcr diejenigen, die dar\u00fcber nachdenken, in das Gesch\u00e4ft einzusteigen, um Industrieger\u00e4te zu kaufen, zu verkaufen und zu handeln. Nichtmitglieder k\u00f6nnen Beitr\u00e4ge anzeigen, aber Sie m\u00fcssen Mitglied sein, um Beitr\u00e4ge zu erstellen \u2013 <a href=\"https:\/\/www.johntalk.com\/registration-a\/\">treten Sie jetzt KOSTENLOS bei!<\/a><\/p>\n<div id=\"classiwrapper\"><div class=\"uiwelcome\"><\/div>\n<div class=\"awpcp-classifieds-search-bar\" data-breakpoints='{\"tiny\": [0,450]}' data-breakpoints-class-prefix=\"awpcp-classifieds-search-bar\">\n    <form action=\"https:\/\/www.johntalk.com\/de\/the-classifieds\/search-ads\/\" method=\"get\">\n                <input type=\"hidden\" name=\"awpcp-step\" value=\"dosearch\" \/>\n        <div class=\"awpcp-classifieds-search-bar--query-field\">\n            <label class=\"screen-reader-text\" for=\"awpcp-search-query-field\">Suche nach:<\/label>\n            <input id=\"awpcp-search-query-field\" type=\"text\" name=\"keywordphrase\" \/>\n        <\/div>\n        <div class=\"awpcp-classifieds-search-bar--submit-button\">\n            <input class=\"button\" type=\"submit\" value=\"Suche in Anzeigen\" \/>\n        <\/div>\n        <div class=\"awpcp-classifieds-search-bar--advanced-search-link\"><a href=\"https:\/\/www.johntalk.com\/de\/the-classifieds\/search-ads\/\">Erweiterte Suche <\/a><\/div>\n    <\/form>\n<\/div>\n<ul class=\"awpcp-classifieds-menu awpcp-clearfix\" data-breakpoints='{\"tiny\": [0,400], \"small\": [400,500]}' data-breakpoints-class-prefix=\"awpcp-classifieds-menu\">\n    <li class=\"awpcp-classifieds-menu--menu-item awpcp-classifieds-menu--post-listing-menu-item\">\n        <a class=\"awpcp-classifieds-menu--menu-item-link button\" href=\"https:\/\/www.johntalk.com\/de\/the-classifieds\/place-ad\">Place Ad<\/a>\n    <\/li>\n    <li class=\"awpcp-classifieds-menu--menu-item awpcp-classifieds-menu--browse-listings-menu-item\">\n        <a class=\"awpcp-classifieds-menu--menu-item-link button\" href=\"https:\/\/www.johntalk.com\/de\/the-classifieds\/browse-ads\">Browse Ads<\/a>\n    <\/li>\n    <li class=\"awpcp-classifieds-menu--menu-item awpcp-classifieds-menu--search-listings-menu-item\">\n        <a class=\"awpcp-classifieds-menu--menu-item-link button\" href=\"https:\/\/www.johntalk.com\/de\/the-classifieds\/search-ads\">Search Ads<\/a>\n    <\/li>\n<\/ul>\n<div class=\"classifiedcats\"><div id=\"awpcpcatlayout\" class=\"awpcp-categories-list\"><ul class=\"top-level-categories showcategoriesmainlist clearfix\"><li class=\"columns-2\"><p class=\"top-level-category maincategoryclass\"><a class=\"toplevelitem\" href=\"https:\/\/www.johntalk.com\/?page_id=4210&amp;awpcp_category_id=1861%2Ftoilets\">Toilets<\/a> (0)<\/p><\/li><li class=\"columns-2\"><p class=\"top-level-category maincategoryclass\"><a class=\"toplevelitem\" href=\"https:\/\/www.johntalk.com\/?page_id=4210&amp;awpcp_category_id=1862%2Ftrucks\">Trucks<\/a> (0)<\/p><\/li><\/ul><ul class=\"top-level-categories showcategoriesmainlist clearfix\"><li class=\"columns-2\"><p class=\"top-level-category maincategoryclass\"><a class=\"toplevelitem\" href=\"https:\/\/www.johntalk.com\/?page_id=4210&amp;awpcp_category_id=1863%2Fbusinesses-for-sale\">Businesses for Sale<\/a> (0)<\/p><\/li><li class=\"columns-2\"><p class=\"top-level-category maincategoryclass\"><a class=\"toplevelitem\" href=\"https:\/\/www.johntalk.com\/?page_id=4210&amp;awpcp_category_id=1864%2Fother\">Other<\/a> (0)<\/p><\/li><\/ul><\/div><div class=\"fixfloat\"><\/div><\/div><\/div>\n","protected":false},"excerpt":{"rendered":"<p>Willkommen bei den JohnTalk-Kleinanzeigen! Dies ist der richtige Ort sowohl f\u00fcr Betreiber von tragbaren Toiletten als auch f\u00fcr diejenigen, die dar\u00fcber nachdenken, in das Gesch\u00e4ft einzusteigen,<span class=\"excerpt-hellip\"> [\u2026]<\/span><\/p>\n","protected":false},"author":277,"featured_media":0,"parent":0,"menu_order":0,"comment_status":"closed","ping_status":"closed","template":"","meta":{"_acf_changed":false,"_bbp_topic_count":0,"_bbp_reply_count":0,"_bbp_total_topic_count":0,"_bbp_total_reply_count":0,"_bbp_voice_count":0,"_bbp_anonymous_reply_count":0,"_bbp_topic_count_hidden":0,"_bbp_reply_count_hidden":0,"_bbp_forum_subforum_count":0,"footnotes":""},"class_list":["post-25783","page","type-page","status-publish","hentry"],"acf":[],"yoast_head":"<!-- This site is optimized with the Yoast SEO plugin v27.2 - https:\/\/yoast.com\/product\/yoast-seo-wordpress\/ -->\n<title>JohnTalk-Kleinanzeigen - JohnTalk<\/title>\n<meta name=\"robots\" content=\"index, follow, max-snippet:-1, max-image-preview:large, max-video-preview:-1\" \/>\n<link rel=\"canonical\" href=\"https:\/\/www.johntalk.com\/de\/johntalk-kleinanzeigen\/\" \/>\n<meta property=\"og:locale\" content=\"de_DE\" \/>\n<meta property=\"og:type\" content=\"article\" \/>\n<meta property=\"og:title\" content=\"JohnTalk-Kleinanzeigen - JohnTalk\" \/>\n<meta property=\"og:description\" content=\"Willkommen bei den JohnTalk-Kleinanzeigen! Dies ist der richtige Ort sowohl f\u00fcr Betreiber von tragbaren Toiletten als auch f\u00fcr diejenigen, die dar\u00fcber nachdenken, in das Gesch\u00e4ft einzusteigen, [\u2026]\" \/>\n<meta property=\"og:url\" content=\"https:\/\/www.johntalk.com\/de\/johntalk-kleinanzeigen\/\" \/>\n<meta property=\"og:site_name\" content=\"JohnTalk\" \/>\n<meta name=\"twitter:card\" content=\"summary_large_image\" \/>\n<script type=\"application\/ld+json\" class=\"yoast-schema-graph\">{\"@context\":\"https:\/\/schema.org\",\"@graph\":[{\"@type\":\"WebPage\",\"@id\":\"https:\/\/www.johntalk.com\/de\/johntalk-kleinanzeigen\/\",\"url\":\"https:\/\/www.johntalk.com\/de\/johntalk-kleinanzeigen\/\",\"name\":\"JohnTalk-Kleinanzeigen - JohnTalk\",\"isPartOf\":{\"@id\":\"https:\/\/www.johntalk.com\/it\/#website\"},\"datePublished\":\"2021-12-27T14:10:57+00:00\",\"breadcrumb\":{\"@id\":\"https:\/\/www.johntalk.com\/de\/johntalk-kleinanzeigen\/#breadcrumb\"},\"inLanguage\":\"de\",\"potentialAction\":[{\"@type\":\"ReadAction\",\"target\":[\"https:\/\/www.johntalk.com\/de\/johntalk-kleinanzeigen\/\"]}]},{\"@type\":\"BreadcrumbList\",\"@id\":\"https:\/\/www.johntalk.com\/de\/johntalk-kleinanzeigen\/#breadcrumb\",\"itemListElement\":[{\"@type\":\"ListItem\",\"position\":1,\"name\":\"Home\",\"item\":\"https:\/\/www.johntalk.com\/de\/\"},{\"@type\":\"ListItem\",\"position\":2,\"name\":\"JohnTalk-Kleinanzeigen\"}]},{\"@type\":\"WebSite\",\"@id\":\"https:\/\/www.johntalk.com\/it\/#website\",\"url\":\"https:\/\/www.johntalk.com\/it\/\",\"name\":\"JohnTalk\",\"description\":\"Everything You Need to Know About the Portable Toilet Industry\",\"potentialAction\":[{\"@type\":\"SearchAction\",\"target\":{\"@type\":\"EntryPoint\",\"urlTemplate\":\"https:\/\/www.johntalk.com\/it\/?s={search_term_string}\"},\"query-input\":{\"@type\":\"PropertyValueSpecification\",\"valueRequired\":true,\"valueName\":\"search_term_string\"}}],\"inLanguage\":\"de\"}]}<\/script>\n<!-- \/ Yoast SEO plugin. -->","yoast_head_json":{"title":"JohnTalk-Kleinanzeigen - JohnTalk","robots":{"index":"index","follow":"follow","max-snippet":"max-snippet:-1","max-image-preview":"max-image-preview:large","max-video-preview":"max-video-preview:-1"},"canonical":"https:\/\/www.johntalk.com\/de\/johntalk-kleinanzeigen\/","og_locale":"de_DE","og_type":"article","og_title":"JohnTalk-Kleinanzeigen - JohnTalk","og_description":"Willkommen bei den JohnTalk-Kleinanzeigen! Dies ist der richtige Ort sowohl f\u00fcr Betreiber von tragbaren Toiletten als auch f\u00fcr diejenigen, die dar\u00fcber nachdenken, in das Gesch\u00e4ft einzusteigen, [\u2026]","og_url":"https:\/\/www.johntalk.com\/de\/johntalk-kleinanzeigen\/","og_site_name":"JohnTalk","twitter_card":"summary_large_image","schema":{"@context":"https:\/\/schema.org","@graph":[{"@type":"WebPage","@id":"https:\/\/www.johntalk.com\/de\/johntalk-kleinanzeigen\/","url":"https:\/\/www.johntalk.com\/de\/johntalk-kleinanzeigen\/","name":"JohnTalk-Kleinanzeigen - JohnTalk","isPartOf":{"@id":"https:\/\/www.johntalk.com\/it\/#website"},"datePublished":"2021-12-27T14:10:57+00:00","breadcrumb":{"@id":"https:\/\/www.johntalk.com\/de\/johntalk-kleinanzeigen\/#breadcrumb"},"inLanguage":"de","potentialAction":[{"@type":"ReadAction","target":["https:\/\/www.johntalk.com\/de\/johntalk-kleinanzeigen\/"]}]},{"@type":"BreadcrumbList","@id":"https:\/\/www.johntalk.com\/de\/johntalk-kleinanzeigen\/#breadcrumb","itemListElement":[{"@type":"ListItem","position":1,"name":"Home","item":"https:\/\/www.johntalk.com\/de\/"},{"@type":"ListItem","position":2,"name":"JohnTalk-Kleinanzeigen"}]},{"@type":"WebSite","@id":"https:\/\/www.johntalk.com\/it\/#website","url":"https:\/\/www.johntalk.com\/it\/","name":"JohnTalk","description":"Everything You Need to Know About the Portable Toilet Industry","potentialAction":[{"@type":"SearchAction","target":{"@type":"EntryPoint","urlTemplate":"https:\/\/www.johntalk.com\/it\/?s={search_term_string}"},"query-input":{"@type":"PropertyValueSpecification","valueRequired":true,"valueName":"search_term_string"}}],"inLanguage":"de"}]}},"_links":{"self":[{"href":"https:\/\/www.johntalk.com\/de\/wp-json\/wp\/v2\/pages\/25783","targetHints":{"allow":["GET"]}}],"collection":[{"href":"https:\/\/www.johntalk.com\/de\/wp-json\/wp\/v2\/pages"}],"about":[{"href":"https:\/\/www.johntalk.com\/de\/wp-json\/wp\/v2\/types\/page"}],"author":[{"embeddable":true,"href":"https:\/\/www.johntalk.com\/de\/wp-json\/wp\/v2\/users\/277"}],"replies":[{"embeddable":true,"href":"https:\/\/www.johntalk.com\/de\/wp-json\/wp\/v2\/comments?post=25783"}],"version-history":[{"count":0,"href":"https:\/\/www.johntalk.com\/de\/wp-json\/wp\/v2\/pages\/25783\/revisions"}],"wp:attachment":[{"href":"https:\/\/www.johntalk.com\/de\/wp-json\/wp\/v2\/media?parent=25783"}],"curies":[{"name":"wp","href":"https:\/\/api.w.org\/{rel}","templated":true}]}}