{"id":25782,"date":"2021-12-27T09:10:38","date_gmt":"2021-12-27T14:10:38","guid":{"rendered":"https:\/\/www.johntalk.com\/domu-nove-2\/"},"modified":"2021-12-27T09:10:38","modified_gmt":"2021-12-27T14:10:38","slug":"domu-nove-2","status":"publish","type":"page","link":"https:\/\/www.johntalk.com\/cs\/domu-nove-2\/","title":{"rendered":"Dom\u016f Nov\u00e9"},"content":{"rendered":"","protected":false},"excerpt":{"rendered":"","protected":false},"author":2,"featured_media":0,"parent":0,"menu_order":0,"comment_status":"closed","ping_status":"closed","template":"","meta":{"_acf_changed":false,"_bbp_topic_count":0,"_bbp_reply_count":0,"_bbp_total_topic_count":0,"_bbp_total_reply_count":0,"_bbp_voice_count":0,"_bbp_anonymous_reply_count":0,"_bbp_topic_count_hidden":0,"_bbp_reply_count_hidden":0,"_bbp_forum_subforum_count":0,"footnotes":""},"class_list":["post-25782","page","type-page","status-publish","hentry"],"acf":[],"yoast_head":"<!-- This site is optimized with the Yoast SEO plugin v27.5 - https:\/\/yoast.com\/product\/yoast-seo-wordpress\/ -->\n<title>Informace provozovatele p\u0159enosn\u00e9 toalety | Za\u010dn\u011bte PRO Business | JohnTalk<\/title>\n<meta name=\"description\" content=\"JohnTalk je zdrojem informac\u00ed pro provozovatele p\u0159enosn\u00fdch toalet. Zjist\u011bte, jak za\u010d\u00edt s PRO podnik\u00e1n\u00edm nebo v\u00edce o tomto rostouc\u00edm odv\u011btv\u00ed. M\u00e1me v\u0161e, co pot\u0159ebujete v\u011bd\u011bt, kdy\u017e pot\u0159ebuj\u00ed j\u00edt.\" \/>\n<meta name=\"robots\" content=\"index, follow, max-snippet:-1, max-image-preview:large, max-video-preview:-1\" \/>\n<link rel=\"canonical\" href=\"https:\/\/www.johntalk.com\/cs\/domu-nove-2\/\" \/>\n<meta property=\"og:locale\" content=\"cs_CZ\" \/>\n<meta property=\"og:type\" content=\"article\" \/>\n<meta property=\"og:title\" content=\"Informace provozovatele p\u0159enosn\u00e9 toalety | Za\u010dn\u011bte PRO Business | JohnTalk\" \/>\n<meta property=\"og:description\" content=\"JohnTalk je zdrojem informac\u00ed pro provozovatele p\u0159enosn\u00fdch toalet. Zjist\u011bte, jak za\u010d\u00edt s PRO podnik\u00e1n\u00edm nebo v\u00edce o tomto rostouc\u00edm odv\u011btv\u00ed. M\u00e1me v\u0161e, co pot\u0159ebujete v\u011bd\u011bt, kdy\u017e pot\u0159ebuj\u00ed j\u00edt.\" \/>\n<meta property=\"og:url\" content=\"https:\/\/www.johntalk.com\/cs\/domu-nove-2\/\" \/>\n<meta property=\"og:site_name\" content=\"JohnTalk\" \/>\n<meta name=\"twitter:card\" content=\"summary_large_image\" \/>\n<script type=\"application\/ld+json\" class=\"yoast-schema-graph\">{\"@context\":\"https:\\\/\\\/schema.org\",\"@graph\":[{\"@type\":\"WebPage\",\"@id\":\"https:\\\/\\\/www.johntalk.com\\\/cs\\\/domu-nove-2\\\/\",\"url\":\"https:\\\/\\\/www.johntalk.com\\\/cs\\\/domu-nove-2\\\/\",\"name\":\"Informace provozovatele p\u0159enosn\u00e9 toalety | Za\u010dn\u011bte PRO Business | JohnTalk\",\"isPartOf\":{\"@id\":\"https:\\\/\\\/www.johntalk.com\\\/cs\\\/#website\"},\"datePublished\":\"2021-12-27T14:10:38+00:00\",\"description\":\"JohnTalk je zdrojem informac\u00ed pro provozovatele p\u0159enosn\u00fdch toalet. Zjist\u011bte, jak za\u010d\u00edt s PRO podnik\u00e1n\u00edm nebo v\u00edce o tomto rostouc\u00edm odv\u011btv\u00ed. M\u00e1me v\u0161e, co pot\u0159ebujete v\u011bd\u011bt, kdy\u017e pot\u0159ebuj\u00ed j\u00edt.\",\"breadcrumb\":{\"@id\":\"https:\\\/\\\/www.johntalk.com\\\/cs\\\/domu-nove-2\\\/#breadcrumb\"},\"inLanguage\":\"cs\",\"potentialAction\":[{\"@type\":\"ReadAction\",\"target\":[\"https:\\\/\\\/www.johntalk.com\\\/cs\\\/domu-nove-2\\\/\"]}]},{\"@type\":\"BreadcrumbList\",\"@id\":\"https:\\\/\\\/www.johntalk.com\\\/cs\\\/domu-nove-2\\\/#breadcrumb\",\"itemListElement\":[{\"@type\":\"ListItem\",\"position\":1,\"name\":\"Home\",\"item\":\"https:\\\/\\\/www.johntalk.com\\\/cs\\\/\"},{\"@type\":\"ListItem\",\"position\":2,\"name\":\"Dom\u016f Nov\u00e9\"}]},{\"@type\":\"WebSite\",\"@id\":\"https:\\\/\\\/www.johntalk.com\\\/cs\\\/#website\",\"url\":\"https:\\\/\\\/www.johntalk.com\\\/cs\\\/\",\"name\":\"JohnTalk\",\"description\":\"Everything You Need to Know About the Portable Toilet Industry\",\"publisher\":{\"@id\":\"https:\\\/\\\/www.johntalk.com\\\/cs\\\/#organization\"},\"potentialAction\":[{\"@type\":\"SearchAction\",\"target\":{\"@type\":\"EntryPoint\",\"urlTemplate\":\"https:\\\/\\\/www.johntalk.com\\\/cs\\\/?s={search_term_string}\"},\"query-input\":{\"@type\":\"PropertyValueSpecification\",\"valueRequired\":true,\"valueName\":\"search_term_string\"}}],\"inLanguage\":\"cs\"},{\"@type\":\"Organization\",\"@id\":\"https:\\\/\\\/www.johntalk.com\\\/cs\\\/#organization\",\"name\":\"JohnTalk\",\"url\":\"https:\\\/\\\/www.johntalk.com\\\/cs\\\/\",\"logo\":{\"@type\":\"ImageObject\",\"inLanguage\":\"cs\",\"@id\":\"https:\\\/\\\/www.johntalk.com\\\/cs\\\/#\\\/schema\\\/logo\\\/image\\\/\",\"url\":\"https:\\\/\\\/www.johntalk.com\\\/wp-content\\\/uploads\\\/2016\\\/11\\\/logo-new.png\",\"contentUrl\":\"https:\\\/\\\/www.johntalk.com\\\/wp-content\\\/uploads\\\/2016\\\/11\\\/logo-new.png\",\"width\":300,\"height\":90,\"caption\":\"JohnTalk\"},\"image\":{\"@id\":\"https:\\\/\\\/www.johntalk.com\\\/cs\\\/#\\\/schema\\\/logo\\\/image\\\/\"}}]}<\/script>\n<!-- \/ Yoast SEO plugin. -->","yoast_head_json":{"title":"Informace provozovatele p\u0159enosn\u00e9 toalety | Za\u010dn\u011bte PRO Business | JohnTalk","description":"JohnTalk je zdrojem informac\u00ed pro provozovatele p\u0159enosn\u00fdch toalet. Zjist\u011bte, jak za\u010d\u00edt s PRO podnik\u00e1n\u00edm nebo v\u00edce o tomto rostouc\u00edm odv\u011btv\u00ed. M\u00e1me v\u0161e, co pot\u0159ebujete v\u011bd\u011bt, kdy\u017e pot\u0159ebuj\u00ed j\u00edt.","robots":{"index":"index","follow":"follow","max-snippet":"max-snippet:-1","max-image-preview":"max-image-preview:large","max-video-preview":"max-video-preview:-1"},"canonical":"https:\/\/www.johntalk.com\/cs\/domu-nove-2\/","og_locale":"cs_CZ","og_type":"article","og_title":"Informace provozovatele p\u0159enosn\u00e9 toalety | Za\u010dn\u011bte PRO Business | JohnTalk","og_description":"JohnTalk je zdrojem informac\u00ed pro provozovatele p\u0159enosn\u00fdch toalet. Zjist\u011bte, jak za\u010d\u00edt s PRO podnik\u00e1n\u00edm nebo v\u00edce o tomto rostouc\u00edm odv\u011btv\u00ed. M\u00e1me v\u0161e, co pot\u0159ebujete v\u011bd\u011bt, kdy\u017e pot\u0159ebuj\u00ed j\u00edt.","og_url":"https:\/\/www.johntalk.com\/cs\/domu-nove-2\/","og_site_name":"JohnTalk","twitter_card":"summary_large_image","schema":{"@context":"https:\/\/schema.org","@graph":[{"@type":"WebPage","@id":"https:\/\/www.johntalk.com\/cs\/domu-nove-2\/","url":"https:\/\/www.johntalk.com\/cs\/domu-nove-2\/","name":"Informace provozovatele p\u0159enosn\u00e9 toalety | Za\u010dn\u011bte PRO Business | JohnTalk","isPartOf":{"@id":"https:\/\/www.johntalk.com\/cs\/#website"},"datePublished":"2021-12-27T14:10:38+00:00","description":"JohnTalk je zdrojem informac\u00ed pro provozovatele p\u0159enosn\u00fdch toalet. Zjist\u011bte, jak za\u010d\u00edt s PRO podnik\u00e1n\u00edm nebo v\u00edce o tomto rostouc\u00edm odv\u011btv\u00ed. M\u00e1me v\u0161e, co pot\u0159ebujete v\u011bd\u011bt, kdy\u017e pot\u0159ebuj\u00ed j\u00edt.","breadcrumb":{"@id":"https:\/\/www.johntalk.com\/cs\/domu-nove-2\/#breadcrumb"},"inLanguage":"cs","potentialAction":[{"@type":"ReadAction","target":["https:\/\/www.johntalk.com\/cs\/domu-nove-2\/"]}]},{"@type":"BreadcrumbList","@id":"https:\/\/www.johntalk.com\/cs\/domu-nove-2\/#breadcrumb","itemListElement":[{"@type":"ListItem","position":1,"name":"Home","item":"https:\/\/www.johntalk.com\/cs\/"},{"@type":"ListItem","position":2,"name":"Dom\u016f Nov\u00e9"}]},{"@type":"WebSite","@id":"https:\/\/www.johntalk.com\/cs\/#website","url":"https:\/\/www.johntalk.com\/cs\/","name":"JohnTalk","description":"Everything You Need to Know About the Portable Toilet Industry","publisher":{"@id":"https:\/\/www.johntalk.com\/cs\/#organization"},"potentialAction":[{"@type":"SearchAction","target":{"@type":"EntryPoint","urlTemplate":"https:\/\/www.johntalk.com\/cs\/?s={search_term_string}"},"query-input":{"@type":"PropertyValueSpecification","valueRequired":true,"valueName":"search_term_string"}}],"inLanguage":"cs"},{"@type":"Organization","@id":"https:\/\/www.johntalk.com\/cs\/#organization","name":"JohnTalk","url":"https:\/\/www.johntalk.com\/cs\/","logo":{"@type":"ImageObject","inLanguage":"cs","@id":"https:\/\/www.johntalk.com\/cs\/#\/schema\/logo\/image\/","url":"https:\/\/www.johntalk.com\/wp-content\/uploads\/2016\/11\/logo-new.png","contentUrl":"https:\/\/www.johntalk.com\/wp-content\/uploads\/2016\/11\/logo-new.png","width":300,"height":90,"caption":"JohnTalk"},"image":{"@id":"https:\/\/www.johntalk.com\/cs\/#\/schema\/logo\/image\/"}}]}},"_links":{"self":[{"href":"https:\/\/www.johntalk.com\/cs\/wp-json\/wp\/v2\/pages\/25782","targetHints":{"allow":["GET"]}}],"collection":[{"href":"https:\/\/www.johntalk.com\/cs\/wp-json\/wp\/v2\/pages"}],"about":[{"href":"https:\/\/www.johntalk.com\/cs\/wp-json\/wp\/v2\/types\/page"}],"author":[{"embeddable":true,"href":"https:\/\/www.johntalk.com\/cs\/wp-json\/wp\/v2\/users\/2"}],"replies":[{"embeddable":true,"href":"https:\/\/www.johntalk.com\/cs\/wp-json\/wp\/v2\/comments?post=25782"}],"version-history":[{"count":0,"href":"https:\/\/www.johntalk.com\/cs\/wp-json\/wp\/v2\/pages\/25782\/revisions"}],"wp:attachment":[{"href":"https:\/\/www.johntalk.com\/cs\/wp-json\/wp\/v2\/media?parent=25782"}],"curies":[{"name":"wp","href":"https:\/\/api.w.org\/{rel}","templated":true}]}}